{"id":14,"date":"2020-03-04T06:00:59","date_gmt":"2020-03-04T06:00:59","guid":{"rendered":"http:\/\/www.kofradia.org\/?page_id=14"},"modified":"2021-01-20T12:37:34","modified_gmt":"2021-01-20T11:37:34","slug":"la-lonja","status":"publish","type":"page","link":"https:\/\/www.kofradia.org\/es\/la-lonja\/","title":{"rendered":"La lonja"},"content":{"rendered":"<p>[et_pb_section fb_built=\u00bb1&#8243; module_class=\u00bbfullscreen cover header-img\u00bb _builder_version=\u00bb4.0.6&#8243; background_enable_color=\u00bboff\u00bb background_image=\u00bbhttps:\/\/www.kofradia.org\/wp-content\/uploads\/2020\/09\/la-cofradia-header.jpg\u00bb locked=\u00bboff\u00bb][et_pb_row _builder_version=\u00bb4.0.6&#8243;][et_pb_column type=\u00bb4_4&#8243; _builder_version=\u00bb4.0.6&#8243;][et_pb_text admin_label=\u00bbLa lonja\u00bb _builder_version=\u00bb4.0.6&#8243;]<\/p>\n<h1>La lonja<\/h1>\n<p>[\/et_pb_text][\/et_pb_column][\/et_pb_row][\/et_pb_section][et_pb_section fb_built=\u00bb1&#8243; _builder_version=\u00bb4.0.6&#8243;][et_pb_row column_structure=\u00bb1_2,1_2&#8243; _builder_version=\u00bb4.0.6&#8243;][et_pb_column type=\u00bb1_2&#8243; _builder_version=\u00bb4.0.6&#8243;][et_pb_text _builder_version=\u00bb4.0.6&#8243;]<\/p>\n<p>La lonja de la Cofrad\u00eda es el lugar donde todo el pescado capturado por sus miembros es puesto a la venta. All\u00ed se pesa, se mantiene refrigerado con hielo, se inspecciona, se registra para dotar al colectivo de un fiable m\u00e9todo de control econ\u00f3mico y sanitario y, finalmente, se ubica en la sala de recepci\u00f3n de pescado que es donde se revisa y selecciona para su posterior subasta.<\/p>\n<p>Los comercializadores, bien de forma directa o a trav\u00e9s de sus intermediarios, asisten a la subasta y adquieren el pescado previa formalizaci\u00f3n de la documentaci\u00f3n necesaria.<\/p>\n<p>Existen dos sistemas de venta: El de subasta y el de primera venta. El requisito com\u00fan en ambos es que toda la operativa quede registrada por la Cofrad\u00eda.<\/p>\n<p>[\/et_pb_text][\/et_pb_column][et_pb_column type=\u00bb1_2&#8243; _builder_version=\u00bb4.0.6&#8243;][et_pb_text _builder_version=\u00bb4.0.6&#8243;]<\/p>\n<p>En la subasta, tras la inspecci\u00f3n del pescado reci\u00e9n descargado, los compradores acreditados toman parte en la subasta mediante el sistema de puja a la baja, en la que el moderno sistema electr\u00f3nico muestra un precio que va disminuyendo hasta que un comprador pare la cuenta atr\u00e1s del precio.<\/p>\n<p>En la \u201cprimera venta\u201d, el barco puede entregar un lote de pescado determinado a un comprador concertado, al margen de la subasta, al precio que se haya acordado. Tal y como se ha indicado, esta operativa es controlada por la Cofrad\u00eda, para la correcta inclusi\u00f3n del lote en sus estad\u00edsticas.<\/p>\n<p>De esta manera, el pescado que se obtiene en Hondarribia se disfruta en todo el mundo, llegando a los mercados globales m\u00e1s exigentes, as\u00ed como a las mesas de los restaurantes de los mejores cocineros.<\/p>\n<p>[\/et_pb_text][\/et_pb_column][\/et_pb_row][\/et_pb_section][et_pb_section fb_built=\u00bb1&#8243; module_class=\u00bblonja-instalaciones-header\u00bb _builder_version=\u00bb4.0.6&#8243; background_image=\u00bbhttps:\/\/www.kofradia.org\/wp-content\/uploads\/2020\/09\/almacenes-privados.jpg\u00bb][et_pb_row column_structure=\u00bb1_2,1_2&#8243; use_custom_gutter=\u00bbon\u00bb gutter_width=\u00bb1&#8243; _builder_version=\u00bb4.0.6&#8243; width=\u00bb100%\u00bb max_width=\u00bb100%\u00bb][et_pb_column type=\u00bb1_2&#8243; module_class=\u00bbbg-verde\u00bb _builder_version=\u00bb4.0.6&#8243; background_color=\u00bb#709b62&#8243;][et_pb_text admin_label=\u00bbINSTALACIONES\u00bb _builder_version=\u00bb4.0.6&#8243; background_enable_image=\u00bboff\u00bb]<\/p>\n<h2>INSTALACIONES<\/h2>\n<p>[\/et_pb_text][\/et_pb_column][et_pb_column type=\u00bb1_2&#8243; _builder_version=\u00bb4.0.6&#8243;][\/et_pb_column][\/et_pb_row][\/et_pb_section][et_pb_section fb_built=\u00bb1&#8243; module_class=\u00bbbg-img bg-right instalaciones bascula\u00bb _builder_version=\u00bb4.0.6&#8243; background_enable_image=\u00bboff\u00bb][et_pb_row column_structure=\u00bb1_2,1_2&#8243; use_custom_gutter=\u00bbon\u00bb gutter_width=\u00bb1&#8243; make_equal=\u00bbon\u00bb _builder_version=\u00bb4.0.6&#8243; width=\u00bb100%\u00bb max_width=\u00bb100%\u00bb][et_pb_column type=\u00bb1_2&#8243; _builder_version=\u00bb4.0.6&#8243;][et_pb_text admin_label=\u00bbB\u00e1scula de Pesaje:\u00bb _builder_version=\u00bb4.0.6&#8243;]<\/p>\n<h3><strong>B\u00e1scula de Pesaje:<\/strong><\/h3>\n<p>Las instalaciones cuentan con varias b\u00e1sculas de pesajes, tanto interiores para pescado, como exteriores para el hielo y los camiones.<\/p>\n<p>[\/et_pb_text][\/et_pb_column][et_pb_column type=\u00bb1_2&#8243; _builder_version=\u00bb4.0.6&#8243; background_image=\u00bbhttps:\/\/www.kofradia.org\/wp-content\/uploads\/2020\/09\/sala-subastas.jpg\u00bb][\/et_pb_column][\/et_pb_row][\/et_pb_section][et_pb_section fb_built=\u00bb1&#8243; module_class=\u00bbbg-img bg-left instalaciones camaras\u00bb _builder_version=\u00bb4.8.1&#8243; background_enable_image=\u00bboff\u00bb][et_pb_row column_structure=\u00bb1_2,1_2&#8243; use_custom_gutter=\u00bbon\u00bb gutter_width=\u00bb1&#8243; make_equal=\u00bbon\u00bb _builder_version=\u00bb4.8.1&#8243; width=\u00bb100%\u00bb max_width=\u00bb100%\u00bb][et_pb_column type=\u00bb1_2&#8243; _builder_version=\u00bb4.8.1&#8243; background_image=\u00bbhttps:\/\/www.kofradia.org\/wp-content\/uploads\/2020\/09\/camaras-frigorificas.jpg\u00bb][\/et_pb_column][et_pb_column type=\u00bb1_2&#8243; _builder_version=\u00bb4.0.6&#8243;][et_pb_text admin_label=\u00bbC\u00e1maras Frigor\u00edficas\u00bb _builder_version=\u00bb4.0.6&#8243;]<\/p>\n<h3><strong>C\u00e1maras Frigor\u00edficas:<\/strong><\/h3>\n<p>La Cofrad\u00eda cuenta con diversas instalaciones refrigeradas para cubrir las necesidades de la venta.<\/p>\n<p>[\/et_pb_text][\/et_pb_column][\/et_pb_row][\/et_pb_section][et_pb_section fb_built=\u00bb1&#8243; module_class=\u00bbbg-img bg-right instalaciones subastas\u00bb _builder_version=\u00bb4.8.1&#8243; background_enable_image=\u00bboff\u00bb][et_pb_row column_structure=\u00bb1_2,1_2&#8243; use_custom_gutter=\u00bbon\u00bb gutter_width=\u00bb1&#8243; make_equal=\u00bbon\u00bb _builder_version=\u00bb4.8.1&#8243; width=\u00bb100%\u00bb max_width=\u00bb100%\u00bb][et_pb_column type=\u00bb1_2&#8243; _builder_version=\u00bb4.0.6&#8243;][et_pb_text admin_label=\u00bbSala de Subastas\u00bb _builder_version=\u00bb4.0.6&#8243;]<\/p>\n<h3><strong>Sala de Subastas:<\/strong><\/h3>\n<p>La sala de subastas cuenta con los \u00faltimos adelantos en medios t\u00e9cnicos para la realizaci\u00f3n, control y seguimiento de las ventas.<\/p>\n<p>[\/et_pb_text][\/et_pb_column][et_pb_column type=\u00bb1_2&#8243; _builder_version=\u00bb4.8.1&#8243; background_image=\u00bbhttps:\/\/www.kofradia.org\/wp-content\/uploads\/2021\/01\/sala-subastas.jpg\u00bb][\/et_pb_column][\/et_pb_row][\/et_pb_section][et_pb_section fb_built=\u00bb1&#8243; module_class=\u00bbbg-img bg-left instalaciones camaras\u00bb _builder_version=\u00bb4.8.1&#8243; background_enable_image=\u00bboff\u00bb][et_pb_row column_structure=\u00bb1_2,1_2&#8243; use_custom_gutter=\u00bbon\u00bb gutter_width=\u00bb1&#8243; make_equal=\u00bbon\u00bb _builder_version=\u00bb4.8.1&#8243; width=\u00bb100%\u00bb max_width=\u00bb100%\u00bb][et_pb_column type=\u00bb1_2&#8243; _builder_version=\u00bb4.8.1&#8243; background_image=\u00bbhttps:\/\/www.kofradia.org\/wp-content\/uploads\/2020\/09\/muelle-carga.jpg\u00bb][\/et_pb_column][et_pb_column type=\u00bb1_2&#8243; _builder_version=\u00bb4.0.6&#8243;][et_pb_text admin_label=\u00bbMuelle de Carga\u00bb _builder_version=\u00bb4.0.6&#8243;]<\/p>\n<h3><strong>Muelle de Carga:<\/strong><\/h3>\n<p>Se dispone de un amplio muelle de carga que asegura el tr\u00e1nsito fluido del pescado despachado, con destino a todo el mundo.<\/p>\n<p>[\/et_pb_text][\/et_pb_column][\/et_pb_row][\/et_pb_section][et_pb_section fb_built=\u00bb1&#8243; module_class=\u00bbbg-img bg-right instalaciones hielo\u00bb _builder_version=\u00bb4.8.1&#8243; background_enable_image=\u00bboff\u00bb][et_pb_row column_structure=\u00bb1_2,1_2&#8243; use_custom_gutter=\u00bbon\u00bb gutter_width=\u00bb1&#8243; make_equal=\u00bbon\u00bb _builder_version=\u00bb4.8.1&#8243; width=\u00bb100%\u00bb max_width=\u00bb100%\u00bb][et_pb_column type=\u00bb1_2&#8243; _builder_version=\u00bb4.0.6&#8243;][et_pb_text admin_label=\u00bbF\u00e1brica de Hielo\u00bb _builder_version=\u00bb4.0.6&#8243;]<\/p>\n<h3><strong>F\u00e1brica de Hielo:<\/strong><\/h3>\n<p>Anexa al edificio principal, la f\u00e1brica de hielo abastece a los barcos de Hondarribia, asi como a los comercializadores, de este material indispensable para la obtenci\u00f3n del mejor pescado del mundo. Estas instalaciones producen diariamente un total de 90 toneladas de hielo, con una capacidad de almacenaje de hasta 400 toneladas. El servicio de hielo para comercializadores se lleva a cabo mediante transporte neum\u00e1tico, desde la f\u00e1brica de hielo al interior de la lonja.<\/p>\n<p>[\/et_pb_text][\/et_pb_column][et_pb_column type=\u00bb1_2&#8243; _builder_version=\u00bb4.8.1&#8243; background_image=\u00bbhttps:\/\/www.kofradia.org\/wp-content\/uploads\/2020\/09\/fabrica-hielo.jpg\u00bb][\/et_pb_column][\/et_pb_row][\/et_pb_section][et_pb_section fb_built=\u00bb1&#8243; module_class=\u00bbbg-img bg-left instalaciones lavado\u00bb _builder_version=\u00bb4.8.1&#8243; background_enable_image=\u00bboff\u00bb][et_pb_row column_structure=\u00bb1_2,1_2&#8243; use_custom_gutter=\u00bbon\u00bb gutter_width=\u00bb1&#8243; make_equal=\u00bbon\u00bb _builder_version=\u00bb4.8.1&#8243; width=\u00bb100%\u00bb max_width=\u00bb100%\u00bb][et_pb_column type=\u00bb1_2&#8243; _builder_version=\u00bb4.8.1&#8243; background_image=\u00bbhttps:\/\/www.kofradia.org\/wp-content\/uploads\/2020\/09\/tren-lavado-cajas.jpg\u00bb][\/et_pb_column][et_pb_column type=\u00bb1_2&#8243; _builder_version=\u00bb4.0.6&#8243;][et_pb_text admin_label=\u00bbTren de lavado de cajas\u00bb _builder_version=\u00bb4.0.6&#8243;]<\/p>\n<h3><strong>Tren de lavado de cajas:<\/strong><\/h3>\n<p>La Cofrad\u00eda dispone de unas instalaciones de lavado y desinfecci\u00f3n de cajas de pescado para su posterior reutilizaci\u00f3n. La capacidad de lavado asciende a m\u00e1s de 20.000 unidades diarias.<\/p>\n<p>[\/et_pb_text][\/et_pb_column][\/et_pb_row][\/et_pb_section][et_pb_section fb_built=\u00bb1&#8243; module_class=\u00bbbg-img bg-right instalaciones redes\u00bb _builder_version=\u00bb4.8.1&#8243; background_enable_image=\u00bboff\u00bb][et_pb_row column_structure=\u00bb1_2,1_2&#8243; use_custom_gutter=\u00bbon\u00bb gutter_width=\u00bb1&#8243; make_equal=\u00bbon\u00bb _builder_version=\u00bb4.8.1&#8243; width=\u00bb100%\u00bb max_width=\u00bb100%\u00bb][et_pb_column type=\u00bb1_2&#8243; _builder_version=\u00bb4.0.6&#8243;][et_pb_text admin_label=\u00bbEdificio de confecci\u00f3n y arreglo de redes:\u00bb _builder_version=\u00bb4.0.6&#8243;]<\/p>\n<h3><strong>Edificio de confecci\u00f3n y arreglo de redes:<\/strong><\/h3>\n<p>Se cuenta con un edificio de redes donde las mujeres rederas llevan a cabo labores de construcci\u00f3n y reparaci\u00f3n de redes. Este edificio esta dotado de maquinaria y elementos para manipulaci\u00f3n y transporte de redes.<\/p>\n<p>[\/et_pb_text][\/et_pb_column][et_pb_column type=\u00bb1_2&#8243; _builder_version=\u00bb4.8.1&#8243; background_image=\u00bbhttps:\/\/www.kofradia.org\/wp-content\/uploads\/2020\/09\/la-cofradia_02.jpg\u00bb][\/et_pb_column][\/et_pb_row][\/et_pb_section][et_pb_section fb_built=\u00bb1&#8243; module_class=\u00bbbg-img bg-left instalaciones camaras\u00bb _builder_version=\u00bb4.8.1&#8243; hover_enabled=\u00bb0&#8243; background_enable_image=\u00bboff\u00bb sticky_enabled=\u00bb0&#8243;][et_pb_row column_structure=\u00bb1_2,1_2&#8243; _builder_version=\u00bb4.8.1&#8243; hover_enabled=\u00bb0&#8243; use_custom_gutter=\u00bbon\u00bb make_equal=\u00bbon\u00bb gutter_width=\u00bb1&#8243; width=\u00bb100%\u00bb max_width=\u00bb100%\u00bb sticky_enabled=\u00bb0&#8243;][et_pb_column type=\u00bb1_2&#8243; _builder_version=\u00bb4.8.1&#8243; hover_enabled=\u00bb0&#8243; title_text=\u00bbalmacenes-privados\u00bb background_image=\u00bbhttps:\/\/www.kofradia.org\/wp-content\/uploads\/2020\/09\/almacenes-privados.jpg\u00bb sticky_enabled=\u00bb0&#8243;][\/et_pb_column][et_pb_column type=\u00bb1_2&#8243; _builder_version=\u00bb4.0.6&#8243;][et_pb_text admin_label=\u00bbAlmacenes particulares de embarcaciones\u00bb _builder_version=\u00bb4.0.6&#8243;]<\/p>\n<h3><strong>Almacenes particulares de embarcaciones:<\/strong><\/h3>\n<p>Cada embarcaci\u00f3n adscrita a la Cofrad\u00eda dispone de un almac\u00e9n de 75 m2 para almacenaje de sus utensilios y pertrechos de pesca<\/p>\n<p>[\/et_pb_text][\/et_pb_column][\/et_pb_row][\/et_pb_section][et_pb_section fb_built=\u00bb1&#8243; module_class=\u00bbbg-img bg-right instalaciones pertrechos\u00bb _builder_version=\u00bb4.8.1&#8243; hover_enabled=\u00bb0&#8243; background_enable_image=\u00bboff\u00bb sticky_enabled=\u00bb0&#8243;][et_pb_row column_structure=\u00bb1_2,1_2&#8243; _builder_version=\u00bb4.8.1&#8243; hover_enabled=\u00bb0&#8243; use_custom_gutter=\u00bbon\u00bb make_equal=\u00bbon\u00bb gutter_width=\u00bb1&#8243; width=\u00bb100%\u00bb max_width=\u00bb100%\u00bb sticky_enabled=\u00bb0&#8243;][et_pb_column type=\u00bb1_2&#8243; _builder_version=\u00bb4.0.6&#8243;][et_pb_text admin_label=\u00bbServicio de venta de pertrechos de pesca\u00bb _builder_version=\u00bb4.0.6&#8243;]<\/p>\n<h3><strong>Servicio de venta de pertrechos de pesca:<\/strong><\/h3>\n<p>La Cofrad\u00eda dispone de un servicio de venta de pertrechos de pesca, as\u00ed como diversos materiales para uso en la mar (vestuario, aparejos, etc.). Este servicio se encuentra a disposici\u00f3n de todos los cofrades, asi como del p\u00fablico en general.<\/p>\n<p>[\/et_pb_text][\/et_pb_column][et_pb_column type=\u00bb1_2&#8243; _builder_version=\u00bb4.8.1&#8243; hover_enabled=\u00bb0&#8243; title_text=\u00bbpertrechos\u00bb background_image=\u00bbhttps:\/\/www.kofradia.org\/wp-content\/uploads\/2021\/01\/pertrechos.jpg\u00bb sticky_enabled=\u00bb0&#8243;][\/et_pb_column][\/et_pb_row][\/et_pb_section][et_pb_section fb_built=\u00bb1&#8243; module_class=\u00bbdone-pedro\u00bb _builder_version=\u00bb4.0.6&#8243; background_enable_color=\u00bboff\u00bb background_enable_image=\u00bboff\u00bb background_size=\u00bbinitial\u00bb background_position=\u00bbbottom_right\u00bb global_module=\u00bb244&#8243; locked=\u00bboff\u00bb][et_pb_row column_structure=\u00bb1_3,1_3,1_3&#8243; _builder_version=\u00bb4.0.6&#8243;][et_pb_column type=\u00bb1_3&#8243; _builder_version=\u00bb4.0.6&#8243;][et_pb_image src=\u00bbhttps:\/\/www.kofradia.org\/wp-content\/uploads\/2020\/03\/done-pedro.png\u00bb _builder_version=\u00bb4.0.6&#8243;][\/et_pb_image][\/et_pb_column][et_pb_column type=\u00bb1_3&#8243; _builder_version=\u00bb4.0.6&#8243;][et_pb_text _builder_version=\u00bb4.0.6&#8243;]<\/p>\n<h2>DONE PEDRO<\/h2>\n<p>DONE PEDRO y la Cofrad\u00eda de Hondarribia ofrecen para todos sus clientes la trazabilidad completa de todos sus productos.<\/p>\n<p>[\/et_pb_text][et_pb_button button_url=\u00bbhttp:\/\/www.donepedro.com\/\u00bb url_new_window=\u00bbon\u00bb button_text=\u00bbCOMPRAR\u00bb _builder_version=\u00bb4.0.6&#8243;][\/et_pb_button][\/et_pb_column][et_pb_column type=\u00bb1_3&#8243; _builder_version=\u00bb4.0.6&#8243;][\/et_pb_column][\/et_pb_row][\/et_pb_section]<\/p>\n","protected":false},"excerpt":{"rendered":"<p>La lonjaLa lonja de la Cofrad\u00eda es el lugar donde todo el pescado capturado por sus miembros es puesto a la venta. All\u00ed se pesa, se mantiene refrigerado con hielo, se inspecciona, se registra para dotar al colectivo de un fiable m\u00e9todo de control econ\u00f3mico y sanitario y, finalmente, se ubica en la sala de [&hellip;]<\/p>\n","protected":false},"author":1,"featured_media":0,"parent":0,"menu_order":6,"comment_status":"closed","ping_status":"closed","template":"","meta":{"_et_pb_use_builder":"on","_et_pb_old_content":"","_et_gb_content_width":"","ngg_post_thumbnail":0,"footnotes":""},"class_list":["post-14","page","type-page","status-publish","hentry"],"yoast_head":"<!-- This site is optimized with the Yoast SEO plugin v24.3 - https:\/\/yoast.com\/wordpress\/plugins\/seo\/ -->\n<title>La lonja - Done Pedro<\/title>\n<meta name=\"robots\" content=\"index, follow, max-snippet:-1, max-image-preview:large, max-video-preview:-1\" \/>\n<link rel=\"canonical\" href=\"https:\/\/www.kofradia.org\/es\/la-lonja\/\" \/>\n<meta property=\"og:locale\" content=\"es_ES\" \/>\n<meta property=\"og:type\" content=\"article\" \/>\n<meta property=\"og:title\" content=\"La lonja - Done Pedro\" \/>\n<meta property=\"og:description\" content=\"La lonjaLa lonja de la Cofrad\u00eda es el lugar donde todo el pescado capturado por sus miembros es puesto a la venta. All\u00ed se pesa, se mantiene refrigerado con hielo, se inspecciona, se registra para dotar al colectivo de un fiable m\u00e9todo de control econ\u00f3mico y sanitario y, finalmente, se ubica en la sala de [&hellip;]\" \/>\n<meta property=\"og:url\" content=\"https:\/\/www.kofradia.org\/es\/la-lonja\/\" \/>\n<meta property=\"og:site_name\" content=\"Done Pedro\" \/>\n<meta property=\"article:modified_time\" content=\"2021-01-20T11:37:34+00:00\" \/>\n<meta name=\"twitter:card\" content=\"summary_large_image\" \/>\n<meta name=\"twitter:label1\" content=\"Tiempo de lectura\" \/>\n\t<meta name=\"twitter:data1\" content=\"9 minutos\" \/>\n<script type=\"application\/ld+json\" class=\"yoast-schema-graph\">{\"@context\":\"https:\/\/schema.org\",\"@graph\":[{\"@type\":\"WebPage\",\"@id\":\"https:\/\/www.kofradia.org\/es\/la-lonja\/\",\"url\":\"https:\/\/www.kofradia.org\/es\/la-lonja\/\",\"name\":\"La lonja - Done Pedro\",\"isPartOf\":{\"@id\":\"https:\/\/www.kofradia.org\/eu\/#website\"},\"datePublished\":\"2020-03-04T06:00:59+00:00\",\"dateModified\":\"2021-01-20T11:37:34+00:00\",\"breadcrumb\":{\"@id\":\"https:\/\/www.kofradia.org\/es\/la-lonja\/#breadcrumb\"},\"inLanguage\":\"es\",\"potentialAction\":[{\"@type\":\"ReadAction\",\"target\":[\"https:\/\/www.kofradia.org\/es\/la-lonja\/\"]}]},{\"@type\":\"BreadcrumbList\",\"@id\":\"https:\/\/www.kofradia.org\/es\/la-lonja\/#breadcrumb\",\"itemListElement\":[{\"@type\":\"ListItem\",\"position\":1,\"name\":\"Home\",\"item\":\"https:\/\/www.kofradia.org\/es\/\"},{\"@type\":\"ListItem\",\"position\":2,\"name\":\"La lonja\"}]},{\"@type\":\"WebSite\",\"@id\":\"https:\/\/www.kofradia.org\/eu\/#website\",\"url\":\"https:\/\/www.kofradia.org\/eu\/\",\"name\":\"Done Pedro\",\"description\":\"Itsas Gizonenen Kofradia\",\"publisher\":{\"@id\":\"https:\/\/www.kofradia.org\/eu\/#organization\"},\"potentialAction\":[{\"@type\":\"SearchAction\",\"target\":{\"@type\":\"EntryPoint\",\"urlTemplate\":\"https:\/\/www.kofradia.org\/eu\/?s={search_term_string}\"},\"query-input\":{\"@type\":\"PropertyValueSpecification\",\"valueRequired\":true,\"valueName\":\"search_term_string\"}}],\"inLanguage\":\"es\"},{\"@type\":\"Organization\",\"@id\":\"https:\/\/www.kofradia.org\/eu\/#organization\",\"name\":\"Done Pedro Itsas Gizonenen Kofradia\",\"url\":\"https:\/\/www.kofradia.org\/eu\/\",\"logo\":{\"@type\":\"ImageObject\",\"inLanguage\":\"es\",\"@id\":\"https:\/\/www.kofradia.org\/eu\/#\/schema\/logo\/image\/\",\"url\":\"https:\/\/www.kofradia.org\/wp-content\/uploads\/2020\/03\/kofradia.png\",\"contentUrl\":\"https:\/\/www.kofradia.org\/wp-content\/uploads\/2020\/03\/kofradia.png\",\"width\":190,\"height\":187,\"caption\":\"Done Pedro Itsas Gizonenen Kofradia\"},\"image\":{\"@id\":\"https:\/\/www.kofradia.org\/eu\/#\/schema\/logo\/image\/\"}}]}<\/script>\n<!-- \/ Yoast SEO plugin. -->","yoast_head_json":{"title":"La lonja - Done Pedro","robots":{"index":"index","follow":"follow","max-snippet":"max-snippet:-1","max-image-preview":"max-image-preview:large","max-video-preview":"max-video-preview:-1"},"canonical":"https:\/\/www.kofradia.org\/es\/la-lonja\/","og_locale":"es_ES","og_type":"article","og_title":"La lonja - Done Pedro","og_description":"La lonjaLa lonja de la Cofrad\u00eda es el lugar donde todo el pescado capturado por sus miembros es puesto a la venta. All\u00ed se pesa, se mantiene refrigerado con hielo, se inspecciona, se registra para dotar al colectivo de un fiable m\u00e9todo de control econ\u00f3mico y sanitario y, finalmente, se ubica en la sala de [&hellip;]","og_url":"https:\/\/www.kofradia.org\/es\/la-lonja\/","og_site_name":"Done Pedro","article_modified_time":"2021-01-20T11:37:34+00:00","twitter_card":"summary_large_image","twitter_misc":{"Tiempo de lectura":"9 minutos"},"schema":{"@context":"https:\/\/schema.org","@graph":[{"@type":"WebPage","@id":"https:\/\/www.kofradia.org\/es\/la-lonja\/","url":"https:\/\/www.kofradia.org\/es\/la-lonja\/","name":"La lonja - Done Pedro","isPartOf":{"@id":"https:\/\/www.kofradia.org\/eu\/#website"},"datePublished":"2020-03-04T06:00:59+00:00","dateModified":"2021-01-20T11:37:34+00:00","breadcrumb":{"@id":"https:\/\/www.kofradia.org\/es\/la-lonja\/#breadcrumb"},"inLanguage":"es","potentialAction":[{"@type":"ReadAction","target":["https:\/\/www.kofradia.org\/es\/la-lonja\/"]}]},{"@type":"BreadcrumbList","@id":"https:\/\/www.kofradia.org\/es\/la-lonja\/#breadcrumb","itemListElement":[{"@type":"ListItem","position":1,"name":"Home","item":"https:\/\/www.kofradia.org\/es\/"},{"@type":"ListItem","position":2,"name":"La lonja"}]},{"@type":"WebSite","@id":"https:\/\/www.kofradia.org\/eu\/#website","url":"https:\/\/www.kofradia.org\/eu\/","name":"Done Pedro","description":"Itsas Gizonenen Kofradia","publisher":{"@id":"https:\/\/www.kofradia.org\/eu\/#organization"},"potentialAction":[{"@type":"SearchAction","target":{"@type":"EntryPoint","urlTemplate":"https:\/\/www.kofradia.org\/eu\/?s={search_term_string}"},"query-input":{"@type":"PropertyValueSpecification","valueRequired":true,"valueName":"search_term_string"}}],"inLanguage":"es"},{"@type":"Organization","@id":"https:\/\/www.kofradia.org\/eu\/#organization","name":"Done Pedro Itsas Gizonenen Kofradia","url":"https:\/\/www.kofradia.org\/eu\/","logo":{"@type":"ImageObject","inLanguage":"es","@id":"https:\/\/www.kofradia.org\/eu\/#\/schema\/logo\/image\/","url":"https:\/\/www.kofradia.org\/wp-content\/uploads\/2020\/03\/kofradia.png","contentUrl":"https:\/\/www.kofradia.org\/wp-content\/uploads\/2020\/03\/kofradia.png","width":190,"height":187,"caption":"Done Pedro Itsas Gizonenen Kofradia"},"image":{"@id":"https:\/\/www.kofradia.org\/eu\/#\/schema\/logo\/image\/"}}]}},"_links":{"self":[{"href":"https:\/\/www.kofradia.org\/es\/wp-json\/wp\/v2\/pages\/14","targetHints":{"allow":["GET"]}}],"collection":[{"href":"https:\/\/www.kofradia.org\/es\/wp-json\/wp\/v2\/pages"}],"about":[{"href":"https:\/\/www.kofradia.org\/es\/wp-json\/wp\/v2\/types\/page"}],"author":[{"embeddable":true,"href":"https:\/\/www.kofradia.org\/es\/wp-json\/wp\/v2\/users\/1"}],"replies":[{"embeddable":true,"href":"https:\/\/www.kofradia.org\/es\/wp-json\/wp\/v2\/comments?post=14"}],"version-history":[{"count":35,"href":"https:\/\/www.kofradia.org\/es\/wp-json\/wp\/v2\/pages\/14\/revisions"}],"predecessor-version":[{"id":1982,"href":"https:\/\/www.kofradia.org\/es\/wp-json\/wp\/v2\/pages\/14\/revisions\/1982"}],"wp:attachment":[{"href":"https:\/\/www.kofradia.org\/es\/wp-json\/wp\/v2\/media?parent=14"}],"curies":[{"name":"wp","href":"https:\/\/api.w.org\/{rel}","templated":true}]}}