{"id":16,"date":"2020-03-04T06:01:18","date_gmt":"2020-03-04T06:01:18","guid":{"rendered":"http:\/\/www.kofradia.org\/?page_id=16"},"modified":"2021-01-20T12:37:34","modified_gmt":"2021-01-20T11:37:34","slug":"la-flota","status":"publish","type":"page","link":"https:\/\/www.kofradia.org\/es\/la-flota\/","title":{"rendered":"La flota"},"content":{"rendered":"<p>[et_pb_section fb_built=\u00bb1&#8243; module_class=\u00bbfullscreen cover header-img\u00bb _builder_version=\u00bb4.0.6&#8243; background_enable_color=\u00bboff\u00bb background_image=\u00bbhttps:\/\/www.kofradia.org\/wp-content\/uploads\/2020\/10\/flota.jpg\u00bb locked=\u00bboff\u00bb][et_pb_row _builder_version=\u00bb4.0.6&#8243;][et_pb_column type=\u00bb4_4&#8243; _builder_version=\u00bb4.0.6&#8243;][et_pb_text admin_label=\u00bbLa flota\u00bb _builder_version=\u00bb4.0.6&#8243;]<\/p>\n<h1>La flota<\/h1>\n<p>[\/et_pb_text][\/et_pb_column][\/et_pb_row][\/et_pb_section][et_pb_section fb_built=\u00bb1&#8243; _builder_version=\u00bb4.0.6&#8243; locked=\u00bboff\u00bb][et_pb_row column_structure=\u00bb1_2,1_2&#8243; _builder_version=\u00bb4.0.6&#8243;][et_pb_column type=\u00bb1_2&#8243; _builder_version=\u00bb4.0.6&#8243;][et_pb_text _builder_version=\u00bb4.0.6&#8243;]<\/p>\n<p>La flota de Hondarribia es el coraz\u00f3n de la Cofrad\u00eda, siendo cada unidad de flota una empresa particular. Los barcos que componen esta flota operan durante el a\u00f1o en diversas pesquer\u00edas, en funci\u00f3n de la temporada: Anchoa y verdel dejan paso al rey, el at\u00fan rojo o cimarr\u00f3n, y al bonito.<\/p>\n<p>La mayor se\u00f1a de identidad de esta flota es su compromiso con sistemas de pesca sostenibles y que garanticen la perduraci\u00f3n de las especies en el mar. Estos sistemas tradicionales se han perpetuado por generaciones, pasando de abuelos a padres, y a su vez a hijos, que de esta manera renuevan el compromiso con la pesca de este pueblo.<\/p>\n<p>[\/et_pb_text][\/et_pb_column][et_pb_column type=\u00bb1_2&#8243; _builder_version=\u00bb4.0.6&#8243;][et_pb_text _builder_version=\u00bb4.0.6&#8243;]<\/p>\n<p>Por otro lado se busca la mayor seguridad para los pescadores, as\u00ed como las mejores condiciones de trabajo, por lo que la renovaci\u00f3n y modernizaci\u00f3n de la flota son constantes, incorporando las \u00faltimas tecnolog\u00edas de comunicaci\u00f3n y localizaci\u00f3n.<\/p>\n<p>[\/et_pb_text][\/et_pb_column][\/et_pb_row][\/et_pb_section][et_pb_section fb_built=\u00bb1&#8243; module_class=\u00bbbg-verde bg-img bg-right flota-actual\u00bb _builder_version=\u00bb4.0.6&#8243; background_color=\u00bb#709b63&#8243; background_image=\u00bbhttps:\/\/www.kofradia.org\/wp-content\/uploads\/2020\/09\/flota-actual.jpg\u00bb locked=\u00bboff\u00bb][et_pb_row column_structure=\u00bb2_5,3_5&#8243; make_equal=\u00bbon\u00bb _builder_version=\u00bb4.8.1&#8243; background_enable_image=\u00bboff\u00bb custom_padding=\u00bb0px||0px||false|false\u00bb][et_pb_column type=\u00bb2_5&#8243; _builder_version=\u00bb4.0.6&#8243;][et_pb_text admin_label=\u00bbLA FLOTA ACTUAL\u00bb _builder_version=\u00bb4.0.6&#8243;]<\/p>\n<h2>LA FLOTA ACTUAL<\/h2>\n<p>Aqu\u00ed puedes ver un listado con los nombres y datos p\u00fablicos de los barcos que conforman la flota actual.<\/p>\n<p>[\/et_pb_text][et_pb_button button_url=\u00bbhttps:\/\/www.kofradia.org\/es\/la-flota\/la-flota-actual\/\u00bb button_text=\u00bb+ Info\u00bb admin_label=\u00bb+ Info\u00bb _builder_version=\u00bb4.0.6&#8243;][\/et_pb_button][\/et_pb_column][et_pb_column type=\u00bb3_5&#8243; _builder_version=\u00bb4.8.1&#8243; background_image=\u00bbhttps:\/\/www.kofradia.org\/wp-content\/uploads\/2020\/09\/flota.jpg\u00bb][\/et_pb_column][\/et_pb_row][\/et_pb_section][et_pb_section fb_built=\u00bb1&#8243; module_class=\u00bbbg-verde bg-img bg-left flota-antigua\u00bb _builder_version=\u00bb4.0.6&#8243; background_color=\u00bb#709b63&#8243; background_image=\u00bbhttps:\/\/www.kofradia.org\/wp-content\/uploads\/2020\/09\/flota-antigua.jpg\u00bb locked=\u00bboff\u00bb][et_pb_row column_structure=\u00bb1_2,1_2&#8243; make_equal=\u00bbon\u00bb _builder_version=\u00bb4.8.1&#8243; background_enable_image=\u00bboff\u00bb custom_padding=\u00bb0px||0px||false|false\u00bb hover_enabled=\u00bb0&#8243; sticky_enabled=\u00bb0&#8243;][et_pb_column type=\u00bb1_2&#8243; _builder_version=\u00bb4.8.1&#8243; hover_enabled=\u00bb0&#8243; title_text=\u00bbflota-antigua\u00bb background_image=\u00bbhttps:\/\/www.kofradia.org\/wp-content\/uploads\/2020\/09\/flota-antigua.jpg\u00bb sticky_enabled=\u00bb0&#8243;][\/et_pb_column][et_pb_column type=\u00bb1_2&#8243; _builder_version=\u00bb4.0.6&#8243; background_enable_image=\u00bboff\u00bb][et_pb_text admin_label=\u00bbLA FLOTA ANTIGUA\u00bb _builder_version=\u00bb4.0.6&#8243;]<\/p>\n<h2>LA FLOTA ANTIGUA<\/h2>\n<p>Aqu\u00ed puedes ver im\u00e1genes de algunos de los barcos que han formado parte de la flota de esta Cofrad\u00eda.<\/p>\n<p>[\/et_pb_text][et_pb_button button_url=\u00bbhttps:\/\/www.kofradia.org\/es\/fotografias\/flota-antigua\/\u00bb button_text=\u00bb+ Info\u00bb admin_label=\u00bb+ Info\u00bb _builder_version=\u00bb4.0.6&#8243;][\/et_pb_button][\/et_pb_column][\/et_pb_row][\/et_pb_section][et_pb_section fb_built=\u00bb1&#8243; module_class=\u00bbdone-pedro\u00bb _builder_version=\u00bb4.0.6&#8243; background_enable_color=\u00bboff\u00bb background_enable_image=\u00bboff\u00bb background_size=\u00bbinitial\u00bb background_position=\u00bbbottom_right\u00bb global_module=\u00bb244&#8243; locked=\u00bboff\u00bb][et_pb_row column_structure=\u00bb1_3,1_3,1_3&#8243; _builder_version=\u00bb4.0.6&#8243;][et_pb_column type=\u00bb1_3&#8243; _builder_version=\u00bb4.0.6&#8243;][et_pb_image src=\u00bbhttps:\/\/www.kofradia.org\/wp-content\/uploads\/2020\/03\/done-pedro.png\u00bb _builder_version=\u00bb4.0.6&#8243;][\/et_pb_image][\/et_pb_column][et_pb_column type=\u00bb1_3&#8243; _builder_version=\u00bb4.0.6&#8243;][et_pb_text _builder_version=\u00bb4.0.6&#8243;]<\/p>\n<h2>DONE PEDRO<\/h2>\n<p>DONE PEDRO y la Cofrad\u00eda de Hondarribia ofrecen para todos sus clientes la trazabilidad completa de todos sus productos.<\/p>\n<p>[\/et_pb_text][et_pb_button button_url=\u00bbhttp:\/\/www.donepedro.com\/\u00bb url_new_window=\u00bbon\u00bb button_text=\u00bbCOMPRAR\u00bb _builder_version=\u00bb4.0.6&#8243;][\/et_pb_button][\/et_pb_column][et_pb_column type=\u00bb1_3&#8243; _builder_version=\u00bb4.0.6&#8243;][\/et_pb_column][\/et_pb_row][\/et_pb_section]<\/p>\n","protected":false},"excerpt":{"rendered":"<p>La flotaLa flota de Hondarribia es el coraz\u00f3n de la Cofrad\u00eda, siendo cada unidad de flota una empresa particular. Los barcos que componen esta flota operan durante el a\u00f1o en diversas pesquer\u00edas, en funci\u00f3n de la temporada: Anchoa y verdel dejan paso al rey, el at\u00fan rojo o cimarr\u00f3n, y al bonito. La mayor se\u00f1a [&hellip;]<\/p>\n","protected":false},"author":1,"featured_media":0,"parent":0,"menu_order":8,"comment_status":"closed","ping_status":"closed","template":"","meta":{"_et_pb_use_builder":"on","_et_pb_old_content":"","_et_gb_content_width":"","ngg_post_thumbnail":0,"footnotes":""},"class_list":["post-16","page","type-page","status-publish","hentry"],"yoast_head":"<!-- This site is optimized with the Yoast SEO plugin v24.3 - https:\/\/yoast.com\/wordpress\/plugins\/seo\/ -->\n<title>La flota - Done Pedro<\/title>\n<meta name=\"robots\" content=\"index, follow, max-snippet:-1, max-image-preview:large, max-video-preview:-1\" \/>\n<link rel=\"canonical\" href=\"https:\/\/www.kofradia.org\/es\/la-flota\/\" \/>\n<meta property=\"og:locale\" content=\"es_ES\" \/>\n<meta property=\"og:type\" content=\"article\" \/>\n<meta property=\"og:title\" content=\"La flota - Done Pedro\" \/>\n<meta property=\"og:description\" content=\"La flotaLa flota de Hondarribia es el coraz\u00f3n de la Cofrad\u00eda, siendo cada unidad de flota una empresa particular. Los barcos que componen esta flota operan durante el a\u00f1o en diversas pesquer\u00edas, en funci\u00f3n de la temporada: Anchoa y verdel dejan paso al rey, el at\u00fan rojo o cimarr\u00f3n, y al bonito. La mayor se\u00f1a [&hellip;]\" \/>\n<meta property=\"og:url\" content=\"https:\/\/www.kofradia.org\/es\/la-flota\/\" \/>\n<meta property=\"og:site_name\" content=\"Done Pedro\" \/>\n<meta property=\"article:modified_time\" content=\"2021-01-20T11:37:34+00:00\" \/>\n<meta name=\"twitter:card\" content=\"summary_large_image\" \/>\n<meta name=\"twitter:label1\" content=\"Tiempo de lectura\" \/>\n\t<meta name=\"twitter:data1\" content=\"4 minutos\" \/>\n<script type=\"application\/ld+json\" class=\"yoast-schema-graph\">{\"@context\":\"https:\/\/schema.org\",\"@graph\":[{\"@type\":\"WebPage\",\"@id\":\"https:\/\/www.kofradia.org\/es\/la-flota\/\",\"url\":\"https:\/\/www.kofradia.org\/es\/la-flota\/\",\"name\":\"La flota - Done Pedro\",\"isPartOf\":{\"@id\":\"https:\/\/www.kofradia.org\/eu\/#website\"},\"datePublished\":\"2020-03-04T06:01:18+00:00\",\"dateModified\":\"2021-01-20T11:37:34+00:00\",\"breadcrumb\":{\"@id\":\"https:\/\/www.kofradia.org\/es\/la-flota\/#breadcrumb\"},\"inLanguage\":\"es\",\"potentialAction\":[{\"@type\":\"ReadAction\",\"target\":[\"https:\/\/www.kofradia.org\/es\/la-flota\/\"]}]},{\"@type\":\"BreadcrumbList\",\"@id\":\"https:\/\/www.kofradia.org\/es\/la-flota\/#breadcrumb\",\"itemListElement\":[{\"@type\":\"ListItem\",\"position\":1,\"name\":\"Home\",\"item\":\"https:\/\/www.kofradia.org\/es\/\"},{\"@type\":\"ListItem\",\"position\":2,\"name\":\"La flota\"}]},{\"@type\":\"WebSite\",\"@id\":\"https:\/\/www.kofradia.org\/eu\/#website\",\"url\":\"https:\/\/www.kofradia.org\/eu\/\",\"name\":\"Done Pedro\",\"description\":\"Itsas Gizonenen Kofradia\",\"publisher\":{\"@id\":\"https:\/\/www.kofradia.org\/eu\/#organization\"},\"potentialAction\":[{\"@type\":\"SearchAction\",\"target\":{\"@type\":\"EntryPoint\",\"urlTemplate\":\"https:\/\/www.kofradia.org\/eu\/?s={search_term_string}\"},\"query-input\":{\"@type\":\"PropertyValueSpecification\",\"valueRequired\":true,\"valueName\":\"search_term_string\"}}],\"inLanguage\":\"es\"},{\"@type\":\"Organization\",\"@id\":\"https:\/\/www.kofradia.org\/eu\/#organization\",\"name\":\"Done Pedro Itsas Gizonenen Kofradia\",\"url\":\"https:\/\/www.kofradia.org\/eu\/\",\"logo\":{\"@type\":\"ImageObject\",\"inLanguage\":\"es\",\"@id\":\"https:\/\/www.kofradia.org\/eu\/#\/schema\/logo\/image\/\",\"url\":\"https:\/\/www.kofradia.org\/wp-content\/uploads\/2020\/03\/kofradia.png\",\"contentUrl\":\"https:\/\/www.kofradia.org\/wp-content\/uploads\/2020\/03\/kofradia.png\",\"width\":190,\"height\":187,\"caption\":\"Done Pedro Itsas Gizonenen Kofradia\"},\"image\":{\"@id\":\"https:\/\/www.kofradia.org\/eu\/#\/schema\/logo\/image\/\"}}]}<\/script>\n<!-- \/ Yoast SEO plugin. -->","yoast_head_json":{"title":"La flota - Done Pedro","robots":{"index":"index","follow":"follow","max-snippet":"max-snippet:-1","max-image-preview":"max-image-preview:large","max-video-preview":"max-video-preview:-1"},"canonical":"https:\/\/www.kofradia.org\/es\/la-flota\/","og_locale":"es_ES","og_type":"article","og_title":"La flota - Done Pedro","og_description":"La flotaLa flota de Hondarribia es el coraz\u00f3n de la Cofrad\u00eda, siendo cada unidad de flota una empresa particular. Los barcos que componen esta flota operan durante el a\u00f1o en diversas pesquer\u00edas, en funci\u00f3n de la temporada: Anchoa y verdel dejan paso al rey, el at\u00fan rojo o cimarr\u00f3n, y al bonito. La mayor se\u00f1a [&hellip;]","og_url":"https:\/\/www.kofradia.org\/es\/la-flota\/","og_site_name":"Done Pedro","article_modified_time":"2021-01-20T11:37:34+00:00","twitter_card":"summary_large_image","twitter_misc":{"Tiempo de lectura":"4 minutos"},"schema":{"@context":"https:\/\/schema.org","@graph":[{"@type":"WebPage","@id":"https:\/\/www.kofradia.org\/es\/la-flota\/","url":"https:\/\/www.kofradia.org\/es\/la-flota\/","name":"La flota - Done Pedro","isPartOf":{"@id":"https:\/\/www.kofradia.org\/eu\/#website"},"datePublished":"2020-03-04T06:01:18+00:00","dateModified":"2021-01-20T11:37:34+00:00","breadcrumb":{"@id":"https:\/\/www.kofradia.org\/es\/la-flota\/#breadcrumb"},"inLanguage":"es","potentialAction":[{"@type":"ReadAction","target":["https:\/\/www.kofradia.org\/es\/la-flota\/"]}]},{"@type":"BreadcrumbList","@id":"https:\/\/www.kofradia.org\/es\/la-flota\/#breadcrumb","itemListElement":[{"@type":"ListItem","position":1,"name":"Home","item":"https:\/\/www.kofradia.org\/es\/"},{"@type":"ListItem","position":2,"name":"La flota"}]},{"@type":"WebSite","@id":"https:\/\/www.kofradia.org\/eu\/#website","url":"https:\/\/www.kofradia.org\/eu\/","name":"Done Pedro","description":"Itsas Gizonenen Kofradia","publisher":{"@id":"https:\/\/www.kofradia.org\/eu\/#organization"},"potentialAction":[{"@type":"SearchAction","target":{"@type":"EntryPoint","urlTemplate":"https:\/\/www.kofradia.org\/eu\/?s={search_term_string}"},"query-input":{"@type":"PropertyValueSpecification","valueRequired":true,"valueName":"search_term_string"}}],"inLanguage":"es"},{"@type":"Organization","@id":"https:\/\/www.kofradia.org\/eu\/#organization","name":"Done Pedro Itsas Gizonenen Kofradia","url":"https:\/\/www.kofradia.org\/eu\/","logo":{"@type":"ImageObject","inLanguage":"es","@id":"https:\/\/www.kofradia.org\/eu\/#\/schema\/logo\/image\/","url":"https:\/\/www.kofradia.org\/wp-content\/uploads\/2020\/03\/kofradia.png","contentUrl":"https:\/\/www.kofradia.org\/wp-content\/uploads\/2020\/03\/kofradia.png","width":190,"height":187,"caption":"Done Pedro Itsas Gizonenen Kofradia"},"image":{"@id":"https:\/\/www.kofradia.org\/eu\/#\/schema\/logo\/image\/"}}]}},"_links":{"self":[{"href":"https:\/\/www.kofradia.org\/es\/wp-json\/wp\/v2\/pages\/16","targetHints":{"allow":["GET"]}}],"collection":[{"href":"https:\/\/www.kofradia.org\/es\/wp-json\/wp\/v2\/pages"}],"about":[{"href":"https:\/\/www.kofradia.org\/es\/wp-json\/wp\/v2\/types\/page"}],"author":[{"embeddable":true,"href":"https:\/\/www.kofradia.org\/es\/wp-json\/wp\/v2\/users\/1"}],"replies":[{"embeddable":true,"href":"https:\/\/www.kofradia.org\/es\/wp-json\/wp\/v2\/comments?post=16"}],"version-history":[{"count":15,"href":"https:\/\/www.kofradia.org\/es\/wp-json\/wp\/v2\/pages\/16\/revisions"}],"predecessor-version":[{"id":2002,"href":"https:\/\/www.kofradia.org\/es\/wp-json\/wp\/v2\/pages\/16\/revisions\/2002"}],"wp:attachment":[{"href":"https:\/\/www.kofradia.org\/es\/wp-json\/wp\/v2\/media?parent=16"}],"curies":[{"name":"wp","href":"https:\/\/api.w.org\/{rel}","templated":true}]}}