{"id":20,"date":"2020-03-04T06:01:46","date_gmt":"2020-03-04T06:01:46","guid":{"rendered":"http:\/\/www.kofradia.org\/?page_id=20"},"modified":"2021-01-20T12:37:34","modified_gmt":"2021-01-20T11:37:34","slug":"fotografias","status":"publish","type":"page","link":"https:\/\/www.kofradia.org\/es\/fotografias\/","title":{"rendered":"Fotograf\u00edas"},"content":{"rendered":"<p>[et_pb_section fb_built=\u00bb1&#8243; module_class=\u00bbfullscreen cover header-img\u00bb _builder_version=\u00bb4.0.6&#8243; background_enable_color=\u00bboff\u00bb background_image=\u00bbhttps:\/\/www.kofradia.org\/wp-content\/uploads\/2020\/10\/galeria.jpg\u00bb locked=\u00bboff\u00bb][et_pb_row _builder_version=\u00bb4.0.6&#8243;][et_pb_column type=\u00bb4_4&#8243; _builder_version=\u00bb4.0.6&#8243;][et_pb_text admin_label=\u00bbFotograf\u00edas\u00bb _builder_version=\u00bb4.0.6&#8243;]<\/p>\n<h1>Fotograf\u00edas<\/h1>\n<p>[\/et_pb_text][\/et_pb_column][\/et_pb_row][\/et_pb_section][et_pb_section fb_built=\u00bb1&#8243; module_class=\u00bbgalerias\u00bb _builder_version=\u00bb4.0.6&#8243;][et_pb_row column_structure=\u00bb1_3,1_3,1_3&#8243; use_custom_gutter=\u00bbon\u00bb gutter_width=\u00bb2&#8243; make_equal=\u00bbon\u00bb _builder_version=\u00bb4.0.6&#8243;][et_pb_column type=\u00bb1_3&#8243; _builder_version=\u00bb4.0.6&#8243;][et_pb_image src=\u00bbhttps:\/\/www.kofradia.org\/wp-content\/uploads\/2020\/03\/galeria-home_01.jpg\u00bb _builder_version=\u00bb4.0.6&#8243;][\/et_pb_image][et_pb_text _builder_version=\u00bb4.0.6&#8243;]<\/p>\n<h2>Fotograf\u00edas antiguas<\/h2>\n<p>Recopilaci\u00f3n de im\u00e1genes antiguas de la cofrad\u00eda de pescadores de Hondarribia<\/p>\n<p>[\/et_pb_text][et_pb_button button_url=\u00bbhttps:\/\/www.kofradia.org\/es\/fotografias\/imagenes-antiguas\/\u00bb button_text=\u00bbVer im\u00e1genes\u00bb button_alignment=\u00bbcenter\u00bb _builder_version=\u00bb4.0.6&#8243; hover_enabled=\u00bb0&#8243;][\/et_pb_button][\/et_pb_column][et_pb_column type=\u00bb1_3&#8243; _builder_version=\u00bb4.0.6&#8243;][et_pb_image src=\u00bbhttps:\/\/www.kofradia.org\/wp-content\/uploads\/2020\/11\/float-antigua.jpg\u00bb _builder_version=\u00bb4.0.6&#8243;][\/et_pb_image][et_pb_text _builder_version=\u00bb4.0.6&#8243;]<\/p>\n<h2>Flota antigua<\/h2>\n<p>Im\u00e1genes de algunas de las embarcaciones que han formado parte de la Cofrad\u00eda.<\/p>\n<p>[\/et_pb_text][et_pb_button button_url=\u00bbhttps:\/\/www.kofradia.org\/es\/fotografias\/flota-antigua\/\u00bb button_text=\u00bbVer im\u00e1genes\u00bb button_alignment=\u00bbcenter\u00bb _builder_version=\u00bb4.0.6&#8243; hover_enabled=\u00bb0&#8243;][\/et_pb_button][\/et_pb_column][et_pb_column type=\u00bb1_3&#8243; _builder_version=\u00bb4.0.6&#8243;][et_pb_image src=\u00bbhttps:\/\/www.kofradia.org\/wp-content\/uploads\/2020\/11\/flota-actual.jpg\u00bb _builder_version=\u00bb4.0.6&#8243;][\/et_pb_image][et_pb_text _builder_version=\u00bb4.0.6&#8243;]<\/p>\n<h2>Flota actual<\/h2>\n<p>Fotograf\u00edas de los barcos que forman la flota actual de la Kofradia.<\/p>\n<p>[\/et_pb_text][et_pb_button button_url=\u00bbhttps:\/\/www.kofradia.org\/es\/fotografias\/flota-actual\/\u00bb button_text=\u00bbVer im\u00e1genes\u00bb button_alignment=\u00bbcenter\u00bb _builder_version=\u00bb4.0.6&#8243; hover_enabled=\u00bb0&#8243;][\/et_pb_button][\/et_pb_column][\/et_pb_row][et_pb_row column_structure=\u00bb1_3,1_3,1_3&#8243; _builder_version=\u00bb4.0.6&#8243;][et_pb_column type=\u00bb1_3&#8243; _builder_version=\u00bb4.0.6&#8243;][et_pb_image src=\u00bbhttps:\/\/www.kofradia.org\/wp-content\/uploads\/2020\/10\/kutxa.jpg\u00bb _builder_version=\u00bb4.0.6&#8243;][\/et_pb_image][et_pb_text _builder_version=\u00bb4.0.6&#8243;]<\/p>\n<h2>D\u00eda de Santiago<\/h2>\n<p>Im\u00e1genes hist\u00f3ricas del acto de la Kutxa de la festividad de Santiago Ap\u00f3stol.<\/p>\n<p>[\/et_pb_text][et_pb_button button_url=\u00bbhttps:\/\/www.kofradia.org\/es\/fotografias\/imagenes-kutxa\/\u00bb button_text=\u00bbVer im\u00e1genes\u00bb button_alignment=\u00bbcenter\u00bb _builder_version=\u00bb4.0.6&#8243; hover_enabled=\u00bb0&#8243;][\/et_pb_button][\/et_pb_column][et_pb_column type=\u00bb1_3&#8243; _builder_version=\u00bb4.0.6&#8243;][et_pb_image src=\u00bbhttps:\/\/www.kofradia.org\/wp-content\/uploads\/2020\/11\/1951-1952-1024&#215;722.jpg\u00bb _builder_version=\u00bb4.0.6&#8243;][\/et_pb_image][et_pb_text _builder_version=\u00bb4.0.6&#8243;]<\/p>\n<h2>Alarde de Hondarribia<\/h2>\n<p>Im\u00e1genes de la compa\u00f1\u00eda de la Kofradia de Pescadores en el Alarde de Hondarribia<\/p>\n<p>[\/et_pb_text][et_pb_button button_url=\u00bbhttps:\/\/www.kofradia.org\/es\/fotografias\/alarde\/\u00bb button_text=\u00bbVer im\u00e1genes\u00bb button_alignment=\u00bbcenter\u00bb _builder_version=\u00bb4.0.6&#8243; hover_enabled=\u00bb0&#8243;][\/et_pb_button][\/et_pb_column][et_pb_column type=\u00bb1_3&#8243; _builder_version=\u00bb4.0.6&#8243;][\/et_pb_column][\/et_pb_row][\/et_pb_section][et_pb_section fb_built=\u00bb1&#8243; module_class=\u00bbdone-pedro\u00bb _builder_version=\u00bb4.0.6&#8243; background_enable_color=\u00bboff\u00bb background_enable_image=\u00bboff\u00bb background_size=\u00bbinitial\u00bb background_position=\u00bbbottom_right\u00bb global_module=\u00bb244&#8243; locked=\u00bboff\u00bb][et_pb_row column_structure=\u00bb1_3,1_3,1_3&#8243; _builder_version=\u00bb4.0.6&#8243;][et_pb_column type=\u00bb1_3&#8243; _builder_version=\u00bb4.0.6&#8243;][et_pb_image src=\u00bbhttps:\/\/www.kofradia.org\/wp-content\/uploads\/2020\/03\/done-pedro.png\u00bb _builder_version=\u00bb4.0.6&#8243;][\/et_pb_image][\/et_pb_column][et_pb_column type=\u00bb1_3&#8243; _builder_version=\u00bb4.0.6&#8243;][et_pb_text _builder_version=\u00bb4.0.6&#8243;]<\/p>\n<h2>DONE PEDRO<\/h2>\n<p>DONE PEDRO y la Cofrad\u00eda de Hondarribia ofrecen para todos sus clientes la trazabilidad completa de todos sus productos.<\/p>\n<p>[\/et_pb_text][et_pb_button button_url=\u00bbhttp:\/\/www.donepedro.com\/\u00bb url_new_window=\u00bbon\u00bb button_text=\u00bbCOMPRAR\u00bb _builder_version=\u00bb4.0.6&#8243;][\/et_pb_button][\/et_pb_column][et_pb_column type=\u00bb1_3&#8243; _builder_version=\u00bb4.0.6&#8243;][\/et_pb_column][\/et_pb_row][\/et_pb_section]<\/p>\n","protected":false},"excerpt":{"rendered":"<p>Fotograf\u00edasFotograf\u00edas antiguas Recopilaci\u00f3n de im\u00e1genes antiguas de la cofrad\u00eda de pescadores de HondarribiaFlota antigua Im\u00e1genes de algunas de las embarcaciones que han formado parte de la Cofrad\u00eda.Flota actual Fotograf\u00edas de los barcos que forman la flota actual de la Kofradia.D\u00eda de Santiago Im\u00e1genes hist\u00f3ricas del acto de la Kutxa de la festividad de Santiago Ap\u00f3stol.Alarde [&hellip;]<\/p>\n","protected":false},"author":1,"featured_media":0,"parent":0,"menu_order":13,"comment_status":"closed","ping_status":"closed","template":"","meta":{"_et_pb_use_builder":"on","_et_pb_old_content":"","_et_gb_content_width":"","ngg_post_thumbnail":0,"footnotes":""},"class_list":["post-20","page","type-page","status-publish","hentry"],"yoast_head":"<!-- This site is optimized with the Yoast SEO plugin v24.3 - https:\/\/yoast.com\/wordpress\/plugins\/seo\/ -->\n<title>Fotograf\u00edas - Done Pedro<\/title>\n<meta name=\"robots\" content=\"index, follow, max-snippet:-1, max-image-preview:large, max-video-preview:-1\" \/>\n<link rel=\"canonical\" href=\"https:\/\/www.kofradia.org\/es\/fotografias\/\" \/>\n<meta property=\"og:locale\" content=\"es_ES\" \/>\n<meta property=\"og:type\" content=\"article\" \/>\n<meta property=\"og:title\" content=\"Fotograf\u00edas - Done Pedro\" \/>\n<meta property=\"og:description\" content=\"Fotograf\u00edasFotograf\u00edas antiguas Recopilaci\u00f3n de im\u00e1genes antiguas de la cofrad\u00eda de pescadores de HondarribiaFlota antigua Im\u00e1genes de algunas de las embarcaciones que han formado parte de la Cofrad\u00eda.Flota actual Fotograf\u00edas de los barcos que forman la flota actual de la Kofradia.D\u00eda de Santiago Im\u00e1genes hist\u00f3ricas del acto de la Kutxa de la festividad de Santiago Ap\u00f3stol.Alarde [&hellip;]\" \/>\n<meta property=\"og:url\" content=\"https:\/\/www.kofradia.org\/es\/fotografias\/\" \/>\n<meta property=\"og:site_name\" content=\"Done Pedro\" \/>\n<meta property=\"article:modified_time\" content=\"2021-01-20T11:37:34+00:00\" \/>\n<meta name=\"twitter:card\" content=\"summary_large_image\" \/>\n<meta name=\"twitter:label1\" content=\"Tiempo de lectura\" \/>\n\t<meta name=\"twitter:data1\" content=\"3 minutos\" \/>\n<script type=\"application\/ld+json\" class=\"yoast-schema-graph\">{\"@context\":\"https:\/\/schema.org\",\"@graph\":[{\"@type\":\"WebPage\",\"@id\":\"https:\/\/www.kofradia.org\/es\/fotografias\/\",\"url\":\"https:\/\/www.kofradia.org\/es\/fotografias\/\",\"name\":\"Fotograf\u00edas - Done Pedro\",\"isPartOf\":{\"@id\":\"https:\/\/www.kofradia.org\/eu\/#website\"},\"datePublished\":\"2020-03-04T06:01:46+00:00\",\"dateModified\":\"2021-01-20T11:37:34+00:00\",\"breadcrumb\":{\"@id\":\"https:\/\/www.kofradia.org\/es\/fotografias\/#breadcrumb\"},\"inLanguage\":\"es\",\"potentialAction\":[{\"@type\":\"ReadAction\",\"target\":[\"https:\/\/www.kofradia.org\/es\/fotografias\/\"]}]},{\"@type\":\"BreadcrumbList\",\"@id\":\"https:\/\/www.kofradia.org\/es\/fotografias\/#breadcrumb\",\"itemListElement\":[{\"@type\":\"ListItem\",\"position\":1,\"name\":\"Home\",\"item\":\"https:\/\/www.kofradia.org\/es\/\"},{\"@type\":\"ListItem\",\"position\":2,\"name\":\"Fotograf\u00edas\"}]},{\"@type\":\"WebSite\",\"@id\":\"https:\/\/www.kofradia.org\/eu\/#website\",\"url\":\"https:\/\/www.kofradia.org\/eu\/\",\"name\":\"Done Pedro\",\"description\":\"Itsas Gizonenen Kofradia\",\"publisher\":{\"@id\":\"https:\/\/www.kofradia.org\/eu\/#organization\"},\"potentialAction\":[{\"@type\":\"SearchAction\",\"target\":{\"@type\":\"EntryPoint\",\"urlTemplate\":\"https:\/\/www.kofradia.org\/eu\/?s={search_term_string}\"},\"query-input\":{\"@type\":\"PropertyValueSpecification\",\"valueRequired\":true,\"valueName\":\"search_term_string\"}}],\"inLanguage\":\"es\"},{\"@type\":\"Organization\",\"@id\":\"https:\/\/www.kofradia.org\/eu\/#organization\",\"name\":\"Done Pedro Itsas Gizonenen Kofradia\",\"url\":\"https:\/\/www.kofradia.org\/eu\/\",\"logo\":{\"@type\":\"ImageObject\",\"inLanguage\":\"es\",\"@id\":\"https:\/\/www.kofradia.org\/eu\/#\/schema\/logo\/image\/\",\"url\":\"https:\/\/www.kofradia.org\/wp-content\/uploads\/2020\/03\/kofradia.png\",\"contentUrl\":\"https:\/\/www.kofradia.org\/wp-content\/uploads\/2020\/03\/kofradia.png\",\"width\":190,\"height\":187,\"caption\":\"Done Pedro Itsas Gizonenen Kofradia\"},\"image\":{\"@id\":\"https:\/\/www.kofradia.org\/eu\/#\/schema\/logo\/image\/\"}}]}<\/script>\n<!-- \/ Yoast SEO plugin. -->","yoast_head_json":{"title":"Fotograf\u00edas - Done Pedro","robots":{"index":"index","follow":"follow","max-snippet":"max-snippet:-1","max-image-preview":"max-image-preview:large","max-video-preview":"max-video-preview:-1"},"canonical":"https:\/\/www.kofradia.org\/es\/fotografias\/","og_locale":"es_ES","og_type":"article","og_title":"Fotograf\u00edas - Done Pedro","og_description":"Fotograf\u00edasFotograf\u00edas antiguas Recopilaci\u00f3n de im\u00e1genes antiguas de la cofrad\u00eda de pescadores de HondarribiaFlota antigua Im\u00e1genes de algunas de las embarcaciones que han formado parte de la Cofrad\u00eda.Flota actual Fotograf\u00edas de los barcos que forman la flota actual de la Kofradia.D\u00eda de Santiago Im\u00e1genes hist\u00f3ricas del acto de la Kutxa de la festividad de Santiago Ap\u00f3stol.Alarde [&hellip;]","og_url":"https:\/\/www.kofradia.org\/es\/fotografias\/","og_site_name":"Done Pedro","article_modified_time":"2021-01-20T11:37:34+00:00","twitter_card":"summary_large_image","twitter_misc":{"Tiempo de lectura":"3 minutos"},"schema":{"@context":"https:\/\/schema.org","@graph":[{"@type":"WebPage","@id":"https:\/\/www.kofradia.org\/es\/fotografias\/","url":"https:\/\/www.kofradia.org\/es\/fotografias\/","name":"Fotograf\u00edas - Done Pedro","isPartOf":{"@id":"https:\/\/www.kofradia.org\/eu\/#website"},"datePublished":"2020-03-04T06:01:46+00:00","dateModified":"2021-01-20T11:37:34+00:00","breadcrumb":{"@id":"https:\/\/www.kofradia.org\/es\/fotografias\/#breadcrumb"},"inLanguage":"es","potentialAction":[{"@type":"ReadAction","target":["https:\/\/www.kofradia.org\/es\/fotografias\/"]}]},{"@type":"BreadcrumbList","@id":"https:\/\/www.kofradia.org\/es\/fotografias\/#breadcrumb","itemListElement":[{"@type":"ListItem","position":1,"name":"Home","item":"https:\/\/www.kofradia.org\/es\/"},{"@type":"ListItem","position":2,"name":"Fotograf\u00edas"}]},{"@type":"WebSite","@id":"https:\/\/www.kofradia.org\/eu\/#website","url":"https:\/\/www.kofradia.org\/eu\/","name":"Done Pedro","description":"Itsas Gizonenen Kofradia","publisher":{"@id":"https:\/\/www.kofradia.org\/eu\/#organization"},"potentialAction":[{"@type":"SearchAction","target":{"@type":"EntryPoint","urlTemplate":"https:\/\/www.kofradia.org\/eu\/?s={search_term_string}"},"query-input":{"@type":"PropertyValueSpecification","valueRequired":true,"valueName":"search_term_string"}}],"inLanguage":"es"},{"@type":"Organization","@id":"https:\/\/www.kofradia.org\/eu\/#organization","name":"Done Pedro Itsas Gizonenen Kofradia","url":"https:\/\/www.kofradia.org\/eu\/","logo":{"@type":"ImageObject","inLanguage":"es","@id":"https:\/\/www.kofradia.org\/eu\/#\/schema\/logo\/image\/","url":"https:\/\/www.kofradia.org\/wp-content\/uploads\/2020\/03\/kofradia.png","contentUrl":"https:\/\/www.kofradia.org\/wp-content\/uploads\/2020\/03\/kofradia.png","width":190,"height":187,"caption":"Done Pedro Itsas Gizonenen Kofradia"},"image":{"@id":"https:\/\/www.kofradia.org\/eu\/#\/schema\/logo\/image\/"}}]}},"_links":{"self":[{"href":"https:\/\/www.kofradia.org\/es\/wp-json\/wp\/v2\/pages\/20","targetHints":{"allow":["GET"]}}],"collection":[{"href":"https:\/\/www.kofradia.org\/es\/wp-json\/wp\/v2\/pages"}],"about":[{"href":"https:\/\/www.kofradia.org\/es\/wp-json\/wp\/v2\/types\/page"}],"author":[{"embeddable":true,"href":"https:\/\/www.kofradia.org\/es\/wp-json\/wp\/v2\/users\/1"}],"replies":[{"embeddable":true,"href":"https:\/\/www.kofradia.org\/es\/wp-json\/wp\/v2\/comments?post=20"}],"version-history":[{"count":31,"href":"https:\/\/www.kofradia.org\/es\/wp-json\/wp\/v2\/pages\/20\/revisions"}],"predecessor-version":[{"id":1956,"href":"https:\/\/www.kofradia.org\/es\/wp-json\/wp\/v2\/pages\/20\/revisions\/1956"}],"wp:attachment":[{"href":"https:\/\/www.kofradia.org\/es\/wp-json\/wp\/v2\/media?parent=20"}],"curies":[{"name":"wp","href":"https:\/\/api.w.org\/{rel}","templated":true}]}}