{"id":24,"date":"2020-03-04T06:02:47","date_gmt":"2020-03-04T06:02:47","guid":{"rendered":"http:\/\/www.kofradia.org\/?page_id=24"},"modified":"2021-01-20T12:37:34","modified_gmt":"2021-01-20T11:37:34","slug":"inicio","status":"publish","type":"page","link":"https:\/\/www.kofradia.org\/es\/","title":{"rendered":"Inicio"},"content":{"rendered":"<p>[et_pb_section fb_built=\u00bb1&#8243; module_class=\u00bbfullscreen cover header-img\u00bb _builder_version=\u00bb4.0.6&#8243; background_enable_color=\u00bboff\u00bb background_image=\u00bbhttps:\/\/www.kofradia.org\/wp-content\/uploads\/2020\/03\/kofradia-home.jpg\u00bb][et_pb_row column_structure=\u00bb1_3,2_3&#8243; _builder_version=\u00bb4.0.6&#8243;][et_pb_column type=\u00bb1_3&#8243; _builder_version=\u00bb4.0.6&#8243;][\/et_pb_column][et_pb_column type=\u00bb2_3&#8243; _builder_version=\u00bb4.0.6&#8243;][et_pb_text _builder_version=\u00bb4.0.6&#8243;]<\/p>\n<h1>Cofrad\u00eda de Mareantes de San Pedro<\/h1>\n<p>[\/et_pb_text][\/et_pb_column][\/et_pb_row][\/et_pb_section][et_pb_section fb_built=\u00bb1&#8243; module_class=\u00bbbg-azul meteo\u00bb _builder_version=\u00bb4.0.6&#8243; background_enable_color=\u00bboff\u00bb][et_pb_row column_structure=\u00bb1_3,1_3,1_3&#8243; use_custom_gutter=\u00bbon\u00bb gutter_width=\u00bb1&#8243; make_equal=\u00bbon\u00bb _builder_version=\u00bb4.0.6&#8243;][et_pb_column type=\u00bb1_3&#8243; _builder_version=\u00bb4.0.6&#8243;][et_pb_text admin_label=\u00bbEUSKALMET\u00bb _builder_version=\u00bb4.0.6&#8243;]<\/p>\n<h2>EUSKALMET<\/h2>\n<p>Consulta la meteorolog\u00eda y el estado del mar en la Agencia Vasca de meteorolog\u00eda.<\/p>\n<p>[\/et_pb_text][et_pb_button button_url=\u00bbhttps:\/\/www.euskalmet.euskadi.eus\/\u00bb url_new_window=\u00bbon\u00bb button_text=\u00bbConsultar\u00bb _builder_version=\u00bb4.0.6&#8243;][\/et_pb_button][\/et_pb_column][et_pb_column type=\u00bb1_3&#8243; _builder_version=\u00bb4.0.6&#8243;][et_pb_text admin_label=\u00bbMETEOFRANCE\u00bb _builder_version=\u00bb4.0.6&#8243;]<\/p>\n<h2>METEOFRANCE<\/h2>\n<p>M\u00e9t\u00e9o-France es el Servicio Meteorol\u00f3gico Nacional de Francia, aqu\u00ed puedes consultar el tiempo y el estado del mar en la costa francesa.<\/p>\n<p>[\/et_pb_text][et_pb_button button_url=\u00bbhttps:\/\/meteofrance.com\/\u00bb url_new_window=\u00bbon\u00bb button_text=\u00bbConsultar\u00bb _builder_version=\u00bb4.0.6&#8243;][\/et_pb_button][\/et_pb_column][et_pb_column type=\u00bb1_3&#8243; _builder_version=\u00bb4.0.6&#8243;][et_pb_text admin_label=\u00bbINFOMET\u00bb _builder_version=\u00bb4.0.6&#8243; link_option_url=\u00bbhttp:\/\/www.aemet.es\/es\/eltiempo\/prediccion\/maritima\u00bb link_option_url_new_window=\u00bbon\u00bb]<\/p>\n<h2>AEMET<\/h2>\n<p>Predicciones meteorol\u00f3gicas para alta mar y zonas costeras de la Agencia estatal de meteorolog\u00eda.<\/p>\n<p>[\/et_pb_text][et_pb_button button_text=\u00bbConsultar\u00bb _builder_version=\u00bb4.0.6&#8243;][\/et_pb_button][\/et_pb_column][\/et_pb_row][\/et_pb_section][et_pb_section fb_built=\u00bb1&#8243; module_class=\u00bbbg-verde bg-img bg-right quienes-somos\u00bb _builder_version=\u00bb4.8.1&#8243; background_color=\u00bb#709b63&#8243; background_image=\u00bbhttps:\/\/www.kofradia.org\/wp-content\/uploads\/2020\/09\/hondarribia.jpg\u00bb][et_pb_row column_structure=\u00bb1_2,1_2&#8243; make_equal=\u00bbon\u00bb _builder_version=\u00bb4.8.1&#8243; background_enable_image=\u00bboff\u00bb custom_padding=\u00bb0px||0px||false|false\u00bb][et_pb_column type=\u00bb1_2&#8243; _builder_version=\u00bb4.0.6&#8243;][et_pb_text admin_label=\u00bbQUIENES SOMOS\u00bb _builder_version=\u00bb4.0.6&#8243;]<\/p>\n<h2>QUIENES SOMOS<\/h2>\n<p>La Cofrad\u00eda de Mareantes de San Pedro agrupa a los arrantzales (pescadores) que ejercen actividad de pesca en las embarcaciones adscritas a esta entidad.<\/p>\n<p>[\/et_pb_text][et_pb_button button_url=\u00bbhttps:\/\/www.kofradia.org\/es\/la-cofradia\/\u00bb button_text=\u00bb+ Info\u00bb admin_label=\u00bb+ Info\u00bb _builder_version=\u00bb4.0.6&#8243;][\/et_pb_button][\/et_pb_column][et_pb_column type=\u00bb1_2&#8243; _builder_version=\u00bb4.8.1&#8243; background_image=\u00bbhttps:\/\/www.kofradia.org\/wp-content\/uploads\/2020\/09\/hondarribia.jpg\u00bb][\/et_pb_column][\/et_pb_row][\/et_pb_section][et_pb_section fb_built=\u00bb1&#8243; module_class=\u00bbbg-gris historia\u00bb _builder_version=\u00bb4.0.6&#8243; background_enable_color=\u00bboff\u00bb background_image=\u00bbhttps:\/\/www.kofradia.org\/wp-content\/uploads\/2020\/03\/historia.png\u00bb background_size=\u00bbcontain\u00bb background_position=\u00bbcenter_left\u00bb][et_pb_row column_structure=\u00bb3_5,2_5&#8243; _builder_version=\u00bb4.0.6&#8243;][et_pb_column type=\u00bb3_5&#8243; _builder_version=\u00bb4.0.6&#8243;][\/et_pb_column][et_pb_column type=\u00bb2_5&#8243; _builder_version=\u00bb4.0.6&#8243;][et_pb_text admin_label=\u00bbHISTORIA\u00bb _builder_version=\u00bb4.0.6&#8243;]<\/p>\n<h2>HISTORIA<\/h2>\n<p>La Cofrad\u00eda de Mareantes de San Pedro data del a\u00f1o 1.361. Anteriormente ya exist\u00eda una gran actividad de pesca, si bien es en ese a\u00f1o cuando se dota a la entidad de reconocimiento por parte de las autoridades de la \u00e9poca.<\/p>\n<p>Desde entonces, han sido varias las Lonjas de Pescado en las que se ha desarrollado las ventas. En 1.997 se inaugur\u00f3 la que hasta el momento es la sede definitiva de la Cofrad\u00eda.<\/p>\n<p>[\/et_pb_text][et_pb_button button_url=\u00bbhttps:\/\/www.kofradia.org\/es\/la-cofradia\/#historia\u00bb button_text=\u00bb+ Info\u00bb admin_label=\u00bb+ Info\u00bb _builder_version=\u00bb4.0.6&#8243;][\/et_pb_button][\/et_pb_column][\/et_pb_row][\/et_pb_section][et_pb_section fb_built=\u00bb1&#8243; module_class=\u00bbinstalaciones-home\u00bb _builder_version=\u00bb4.0.6&#8243; background_enable_color=\u00bboff\u00bb background_image=\u00bbhttps:\/\/www.kofradia.org\/wp-content\/uploads\/2020\/03\/instalaciones.jpg\u00bb custom_padding=\u00bb||0px||false|false\u00bb][et_pb_row column_structure=\u00bb1_2,1_2&#8243; use_custom_gutter=\u00bbon\u00bb gutter_width=\u00bb1&#8243; _builder_version=\u00bb4.0.6&#8243; width=\u00bb100%\u00bb max_width=\u00bb100%\u00bb custom_padding=\u00bb||0px||false|false\u00bb][et_pb_column type=\u00bb1_2&#8243; _builder_version=\u00bb4.0.6&#8243;][\/et_pb_column][et_pb_column type=\u00bb1_2&#8243; module_class=\u00bbbg-verde\u00bb _builder_version=\u00bb4.0.6&#8243;][et_pb_text admin_label=\u00bbINSTALACIONES\u00bb _builder_version=\u00bb4.0.6&#8243;]<\/p>\n<h2>INSTALACIONES<\/h2>\n<p>La Cofrad\u00eda se ha dotado de las mejores instalaciones para el mejor apoyo y servicio necesario a las actividades del puerto.<br \/>La vocaci\u00f3n es de mejora continua, planificando las inversiones \u00f3ptimas que mantengan al puerto pesquero a la cabeza de la calidad de servicio.<\/p>\n<p>[\/et_pb_text][et_pb_button button_url=\u00bbhttps:\/\/www.kofradia.org\/es\/la-lonja\/\u00bb button_text=\u00bb+ Info\u00bb admin_label=\u00bb+ Info\u00bb _builder_version=\u00bb4.0.6&#8243;][\/et_pb_button][\/et_pb_column][\/et_pb_row][\/et_pb_section][et_pb_section fb_built=\u00bb1&#8243; module_class=\u00bbbg-verde bg-img bg-right flota\u00bb _builder_version=\u00bb4.0.6&#8243; background_enable_color=\u00bboff\u00bb background_image=\u00bbhttps:\/\/www.kofradia.org\/wp-content\/uploads\/2020\/09\/flota.jpg\u00bb][et_pb_row column_structure=\u00bb1_2,1_2&#8243; _builder_version=\u00bb4.8.1&#8243;][et_pb_column type=\u00bb1_2&#8243; _builder_version=\u00bb4.0.6&#8243;][et_pb_text admin_label=\u00bbLA FLOTA\u00bb _builder_version=\u00bb4.0.6&#8243;]<\/p>\n<h2>LA FLOTA<\/h2>\n<p>La Cofrad\u00eda de Mareantes de San Pedro agrupa a los arrantzales (pescadores) que ejercen actividad de pesca en las embarcaciones adscritas a esta entidad.<\/p>\n<p>[\/et_pb_text][et_pb_button button_url=\u00bbhttps:\/\/www.kofradia.org\/es\/la-flota\/\u00bb button_text=\u00bb+ Info\u00bb admin_label=\u00bb+ Info\u00bb _builder_version=\u00bb4.0.6&#8243;][\/et_pb_button][\/et_pb_column][et_pb_column type=\u00bb1_2&#8243; _builder_version=\u00bb4.8.1&#8243; background_image=\u00bbhttps:\/\/www.kofradia.org\/wp-content\/uploads\/2020\/09\/flota.jpg\u00bb][\/et_pb_column][\/et_pb_row][\/et_pb_section][et_pb_section fb_built=\u00bb1&#8243; module_class=\u00bbfullscreen\u00bb _builder_version=\u00bb4.0.6&#8243; background_image=\u00bbhttps:\/\/www.kofradia.org\/wp-content\/uploads\/2020\/03\/pesca.jpg\u00bb][et_pb_row _builder_version=\u00bb4.0.6&#8243;][et_pb_column type=\u00bb4_4&#8243; _builder_version=\u00bb4.0.6&#8243;][\/et_pb_column][\/et_pb_row][\/et_pb_section][et_pb_section fb_built=\u00bb1&#8243; module_class=\u00bbpesca\u00bb _builder_version=\u00bb4.0.6&#8243;][et_pb_row column_structure=\u00bb1_4,3_4&#8243; use_custom_gutter=\u00bbon\u00bb gutter_width=\u00bb1&#8243; _builder_version=\u00bb4.0.6&#8243; max_width=\u00bb100%\u00bb][et_pb_column type=\u00bb1_4&#8243; _builder_version=\u00bb4.0.6&#8243;][et_pb_text admin_label=\u00bbPESCA\u00bb _builder_version=\u00bb4.0.6&#8243;]<\/p>\n<h2>PESCA<\/h2>\n<p>[\/et_pb_text][et_pb_button button_url=\u00bbhttps:\/\/www.kofradia.org\/es\/pesca\/\u00bb button_text=\u00bb+ Info\u00bb admin_label=\u00bb+ Info\u00bb _builder_version=\u00bb4.0.6&#8243;][\/et_pb_button][\/et_pb_column][et_pb_column type=\u00bb3_4&#8243; _builder_version=\u00bb4.0.6&#8243;][et_pb_text _builder_version=\u00bb4.0.6&#8243;]<\/p>\n<p>Los barcos de Hondarribia est\u00e1n comprometidos con t\u00e9cnicas de pesca no agresivas con el medio ambiente, buscando la sostenibilidad de los recursos pesqueros. De manera adicional, la Cofrad\u00eda colabora activamente en seguimientos continuos de stocks, para conocer de manera real la situaci\u00f3n permanente de los caladeros.<\/p>\n<p>[\/et_pb_text][et_pb_text _builder_version=\u00bb4.0.6&#8243;]<\/p>\n<p>Junto con estas t\u00e9cnicas, la flota busca la mayor calidad del pescado obtenido. Para ello, se persigue la excelencia tanto en la captura como en el manipulado, junto con sistemas fiables de trazabilidad. Todo ello se traduce en la consecuci\u00f3n de la marca Kalitatea de calidad.<\/p>\n<p>[\/et_pb_text][\/et_pb_column][\/et_pb_row][\/et_pb_section][et_pb_section fb_built=\u00bb1&#8243; module_class=\u00bbgaleria\u00bb _builder_version=\u00bb4.0.6&#8243; background_color=\u00bb#cfcfcf\u00bb][et_pb_row _builder_version=\u00bb4.0.6&#8243;][et_pb_column type=\u00bb4_4&#8243; _builder_version=\u00bb4.0.6&#8243;][dica_divi_carousel show_items_desktop=\u00bb2&#8243; show_items_tablet=\u00bb2&#8243; multislide=\u00bbon\u00bb arrow_nav=\u00bbon\u00bb item_spacing=\u00bb50&#8243; advanced_effect=\u00bb1&#8243; arrow_nav_color=\u00bb#000000&#8243; arrow_bg_color=\u00bbrgba(0,0,0,0)\u00bb arrow_position=\u00bbmiddle-outside\u00bb use_prev_icon=\u00bbon\u00bb prev_icon=\u00bb%%27%%\u00bb use_next_icon=\u00bbon\u00bb next_icon=\u00bb%%28%%\u00bb _builder_version=\u00bb4.0.6&#8243;][dica_divi_carouselitem button_url_new_window=\u00bb1&#8243; image=\u00bbhttps:\/\/www.kofradia.org\/wp-content\/uploads\/2020\/03\/galeria-home_01.jpg\u00bb _builder_version=\u00bb4.0.6&#8243;][\/dica_divi_carouselitem][dica_divi_carouselitem button_url_new_window=\u00bb1&#8243; image=\u00bbhttps:\/\/www.kofradia.org\/wp-content\/uploads\/2020\/11\/trainera.jpg\u00bb _builder_version=\u00bb4.0.6&#8243;][\/dica_divi_carouselitem][dica_divi_carouselitem button_url_new_window=\u00bb1&#8243; image=\u00bbhttps:\/\/www.kofradia.org\/wp-content\/uploads\/2020\/03\/galeria-home_02.jpg\u00bb _builder_version=\u00bb4.0.6&#8243;][\/dica_divi_carouselitem][dica_divi_carouselitem button_url_new_window=\u00bb1&#8243; image=\u00bbhttps:\/\/www.kofradia.org\/wp-content\/uploads\/2020\/11\/mercado.jpg\u00bb _builder_version=\u00bb4.0.6&#8243;][\/dica_divi_carouselitem][\/dica_divi_carousel][\/et_pb_column][\/et_pb_row][et_pb_row column_structure=\u00bb1_2,1_2&#8243; _builder_version=\u00bb4.0.6&#8243;][et_pb_column type=\u00bb1_2&#8243; _builder_version=\u00bb4.0.6&#8243;][et_pb_text admin_label=\u00bbGALER\u00cdA\u00bb _builder_version=\u00bb4.0.6&#8243;]<\/p>\n<h2>GALER\u00cdA<\/h2>\n<p>[\/et_pb_text][\/et_pb_column][et_pb_column type=\u00bb1_2&#8243; _builder_version=\u00bb4.0.6&#8243;][et_pb_button button_url=\u00bbhttps:\/\/www.kofradia.org\/es\/fotografias\/imagenes-antiguas\/\u00bb button_text=\u00bbver m\u00e1s im\u00e1genes\u00bb button_alignment=\u00bbright\u00bb _builder_version=\u00bb4.0.6&#8243;][\/et_pb_button][\/et_pb_column][\/et_pb_row][\/et_pb_section][et_pb_section fb_built=\u00bb1&#8243; module_class=\u00bbdone-pedro\u00bb _builder_version=\u00bb4.0.6&#8243; background_enable_color=\u00bboff\u00bb background_enable_image=\u00bboff\u00bb background_size=\u00bbinitial\u00bb background_position=\u00bbbottom_right\u00bb global_module=\u00bb244&#8243; locked=\u00bboff\u00bb][et_pb_row column_structure=\u00bb1_3,1_3,1_3&#8243; _builder_version=\u00bb4.0.6&#8243;][et_pb_column type=\u00bb1_3&#8243; _builder_version=\u00bb4.0.6&#8243;][et_pb_image src=\u00bbhttps:\/\/www.kofradia.org\/wp-content\/uploads\/2020\/03\/done-pedro.png\u00bb _builder_version=\u00bb4.0.6&#8243;][\/et_pb_image][\/et_pb_column][et_pb_column type=\u00bb1_3&#8243; _builder_version=\u00bb4.0.6&#8243;][et_pb_text _builder_version=\u00bb4.0.6&#8243;]<\/p>\n<h2>DONE PEDRO<\/h2>\n<p>DONE PEDRO y la Cofrad\u00eda de Hondarribia ofrecen para todos sus clientes la trazabilidad completa de todos sus productos.<\/p>\n<p>[\/et_pb_text][et_pb_button button_url=\u00bbhttp:\/\/www.donepedro.com\/\u00bb url_new_window=\u00bbon\u00bb button_text=\u00bbCOMPRAR\u00bb _builder_version=\u00bb4.0.6&#8243;][\/et_pb_button][\/et_pb_column][et_pb_column type=\u00bb1_3&#8243; _builder_version=\u00bb4.0.6&#8243;][\/et_pb_column][\/et_pb_row][\/et_pb_section]<\/p>\n","protected":false},"excerpt":{"rendered":"<p>Cofrad\u00eda de Mareantes de San PedroEUSKALMET Consulta la meteorolog\u00eda y el estado del mar en la Agencia Vasca de meteorolog\u00eda.METEOFRANCE M\u00e9t\u00e9o-France es el Servicio Meteorol\u00f3gico Nacional de Francia, aqu\u00ed puedes consultar el tiempo y el estado del mar en la costa francesa.AEMET Predicciones meteorol\u00f3gicas para alta mar y zonas costeras de la Agencia estatal de [&hellip;]<\/p>\n","protected":false},"author":1,"featured_media":0,"parent":0,"menu_order":2,"comment_status":"closed","ping_status":"closed","template":"","meta":{"_et_pb_use_builder":"on","_et_pb_old_content":"","_et_gb_content_width":"","ngg_post_thumbnail":0,"footnotes":""},"class_list":["post-24","page","type-page","status-publish","hentry"],"yoast_head":"<!-- This site is optimized with the Yoast SEO plugin v24.3 - https:\/\/yoast.com\/wordpress\/plugins\/seo\/ -->\n<title>Cofrad\u00eda de mareantes de San Pedro | Hondarribia<\/title>\n<meta name=\"description\" content=\"La Cofrad\u00eda de Mareantes de San Pedro agrupa a los arrantzales que ejercen actividad de pesca en las embarcaciones adscritas a esta entidad en Hondarribia.\" \/>\n<meta name=\"robots\" content=\"index, follow, max-snippet:-1, max-image-preview:large, max-video-preview:-1\" \/>\n<link rel=\"canonical\" href=\"https:\/\/www.kofradia.org\/es\/\" \/>\n<meta property=\"og:locale\" content=\"es_ES\" \/>\n<meta property=\"og:type\" content=\"article\" \/>\n<meta property=\"og:title\" content=\"Cofrad\u00eda de mareantes de San Pedro | Hondarribia\" \/>\n<meta property=\"og:description\" content=\"La Cofrad\u00eda de Mareantes de San Pedro agrupa a los arrantzales que ejercen actividad de pesca en las embarcaciones adscritas a esta entidad en Hondarribia.\" \/>\n<meta property=\"og:url\" content=\"https:\/\/www.kofradia.org\/es\/\" \/>\n<meta property=\"og:site_name\" content=\"Done Pedro\" \/>\n<meta property=\"article:modified_time\" content=\"2021-01-20T11:37:34+00:00\" \/>\n<meta name=\"twitter:card\" content=\"summary_large_image\" \/>\n<meta name=\"twitter:label1\" content=\"Tiempo de lectura\" \/>\n\t<meta name=\"twitter:data1\" content=\"8 minutos\" \/>\n<script type=\"application\/ld+json\" class=\"yoast-schema-graph\">{\"@context\":\"https:\/\/schema.org\",\"@graph\":[{\"@type\":\"WebPage\",\"@id\":\"https:\/\/www.kofradia.org\/es\/\",\"url\":\"https:\/\/www.kofradia.org\/es\/\",\"name\":\"Cofrad\u00eda de mareantes de San Pedro | Hondarribia\",\"isPartOf\":{\"@id\":\"https:\/\/www.kofradia.org\/eu\/#website\"},\"datePublished\":\"2020-03-04T06:02:47+00:00\",\"dateModified\":\"2021-01-20T11:37:34+00:00\",\"description\":\"La Cofrad\u00eda de Mareantes de San Pedro agrupa a los arrantzales que ejercen actividad de pesca en las embarcaciones adscritas a esta entidad en Hondarribia.\",\"breadcrumb\":{\"@id\":\"https:\/\/www.kofradia.org\/es\/#breadcrumb\"},\"inLanguage\":\"es\",\"potentialAction\":[{\"@type\":\"ReadAction\",\"target\":[\"https:\/\/www.kofradia.org\/es\/\"]}]},{\"@type\":\"BreadcrumbList\",\"@id\":\"https:\/\/www.kofradia.org\/es\/#breadcrumb\",\"itemListElement\":[{\"@type\":\"ListItem\",\"position\":1,\"name\":\"Home\",\"item\":\"https:\/\/www.kofradia.org\/es\/\"},{\"@type\":\"ListItem\",\"position\":2,\"name\":\"Inicio\"}]},{\"@type\":\"WebSite\",\"@id\":\"https:\/\/www.kofradia.org\/eu\/#website\",\"url\":\"https:\/\/www.kofradia.org\/eu\/\",\"name\":\"Done Pedro\",\"description\":\"Itsas Gizonenen Kofradia\",\"publisher\":{\"@id\":\"https:\/\/www.kofradia.org\/eu\/#organization\"},\"potentialAction\":[{\"@type\":\"SearchAction\",\"target\":{\"@type\":\"EntryPoint\",\"urlTemplate\":\"https:\/\/www.kofradia.org\/eu\/?s={search_term_string}\"},\"query-input\":{\"@type\":\"PropertyValueSpecification\",\"valueRequired\":true,\"valueName\":\"search_term_string\"}}],\"inLanguage\":\"es\"},{\"@type\":\"Organization\",\"@id\":\"https:\/\/www.kofradia.org\/eu\/#organization\",\"name\":\"Done Pedro Itsas Gizonenen Kofradia\",\"url\":\"https:\/\/www.kofradia.org\/eu\/\",\"logo\":{\"@type\":\"ImageObject\",\"inLanguage\":\"es\",\"@id\":\"https:\/\/www.kofradia.org\/eu\/#\/schema\/logo\/image\/\",\"url\":\"https:\/\/www.kofradia.org\/wp-content\/uploads\/2020\/03\/kofradia.png\",\"contentUrl\":\"https:\/\/www.kofradia.org\/wp-content\/uploads\/2020\/03\/kofradia.png\",\"width\":190,\"height\":187,\"caption\":\"Done Pedro Itsas Gizonenen Kofradia\"},\"image\":{\"@id\":\"https:\/\/www.kofradia.org\/eu\/#\/schema\/logo\/image\/\"}}]}<\/script>\n<!-- \/ Yoast SEO plugin. -->","yoast_head_json":{"title":"Cofrad\u00eda de mareantes de San Pedro | Hondarribia","description":"La Cofrad\u00eda de Mareantes de San Pedro agrupa a los arrantzales que ejercen actividad de pesca en las embarcaciones adscritas a esta entidad en Hondarribia.","robots":{"index":"index","follow":"follow","max-snippet":"max-snippet:-1","max-image-preview":"max-image-preview:large","max-video-preview":"max-video-preview:-1"},"canonical":"https:\/\/www.kofradia.org\/es\/","og_locale":"es_ES","og_type":"article","og_title":"Cofrad\u00eda de mareantes de San Pedro | Hondarribia","og_description":"La Cofrad\u00eda de Mareantes de San Pedro agrupa a los arrantzales que ejercen actividad de pesca en las embarcaciones adscritas a esta entidad en Hondarribia.","og_url":"https:\/\/www.kofradia.org\/es\/","og_site_name":"Done Pedro","article_modified_time":"2021-01-20T11:37:34+00:00","twitter_card":"summary_large_image","twitter_misc":{"Tiempo de lectura":"8 minutos"},"schema":{"@context":"https:\/\/schema.org","@graph":[{"@type":"WebPage","@id":"https:\/\/www.kofradia.org\/es\/","url":"https:\/\/www.kofradia.org\/es\/","name":"Cofrad\u00eda de mareantes de San Pedro | Hondarribia","isPartOf":{"@id":"https:\/\/www.kofradia.org\/eu\/#website"},"datePublished":"2020-03-04T06:02:47+00:00","dateModified":"2021-01-20T11:37:34+00:00","description":"La Cofrad\u00eda de Mareantes de San Pedro agrupa a los arrantzales que ejercen actividad de pesca en las embarcaciones adscritas a esta entidad en Hondarribia.","breadcrumb":{"@id":"https:\/\/www.kofradia.org\/es\/#breadcrumb"},"inLanguage":"es","potentialAction":[{"@type":"ReadAction","target":["https:\/\/www.kofradia.org\/es\/"]}]},{"@type":"BreadcrumbList","@id":"https:\/\/www.kofradia.org\/es\/#breadcrumb","itemListElement":[{"@type":"ListItem","position":1,"name":"Home","item":"https:\/\/www.kofradia.org\/es\/"},{"@type":"ListItem","position":2,"name":"Inicio"}]},{"@type":"WebSite","@id":"https:\/\/www.kofradia.org\/eu\/#website","url":"https:\/\/www.kofradia.org\/eu\/","name":"Done Pedro","description":"Itsas Gizonenen Kofradia","publisher":{"@id":"https:\/\/www.kofradia.org\/eu\/#organization"},"potentialAction":[{"@type":"SearchAction","target":{"@type":"EntryPoint","urlTemplate":"https:\/\/www.kofradia.org\/eu\/?s={search_term_string}"},"query-input":{"@type":"PropertyValueSpecification","valueRequired":true,"valueName":"search_term_string"}}],"inLanguage":"es"},{"@type":"Organization","@id":"https:\/\/www.kofradia.org\/eu\/#organization","name":"Done Pedro Itsas Gizonenen Kofradia","url":"https:\/\/www.kofradia.org\/eu\/","logo":{"@type":"ImageObject","inLanguage":"es","@id":"https:\/\/www.kofradia.org\/eu\/#\/schema\/logo\/image\/","url":"https:\/\/www.kofradia.org\/wp-content\/uploads\/2020\/03\/kofradia.png","contentUrl":"https:\/\/www.kofradia.org\/wp-content\/uploads\/2020\/03\/kofradia.png","width":190,"height":187,"caption":"Done Pedro Itsas Gizonenen Kofradia"},"image":{"@id":"https:\/\/www.kofradia.org\/eu\/#\/schema\/logo\/image\/"}}]}},"_links":{"self":[{"href":"https:\/\/www.kofradia.org\/es\/wp-json\/wp\/v2\/pages\/24","targetHints":{"allow":["GET"]}}],"collection":[{"href":"https:\/\/www.kofradia.org\/es\/wp-json\/wp\/v2\/pages"}],"about":[{"href":"https:\/\/www.kofradia.org\/es\/wp-json\/wp\/v2\/types\/page"}],"author":[{"embeddable":true,"href":"https:\/\/www.kofradia.org\/es\/wp-json\/wp\/v2\/users\/1"}],"replies":[{"embeddable":true,"href":"https:\/\/www.kofradia.org\/es\/wp-json\/wp\/v2\/comments?post=24"}],"version-history":[{"count":90,"href":"https:\/\/www.kofradia.org\/es\/wp-json\/wp\/v2\/pages\/24\/revisions"}],"predecessor-version":[{"id":1993,"href":"https:\/\/www.kofradia.org\/es\/wp-json\/wp\/v2\/pages\/24\/revisions\/1993"}],"wp:attachment":[{"href":"https:\/\/www.kofradia.org\/es\/wp-json\/wp\/v2\/media?parent=24"}],"curies":[{"name":"wp","href":"https:\/\/api.w.org\/{rel}","templated":true}]}}